{"id":1284,"date":"2021-06-29T12:07:50","date_gmt":"2021-06-29T10:07:50","guid":{"rendered":"https:\/\/amalfihills.it\/prenota\/"},"modified":"2021-06-29T12:12:16","modified_gmt":"2021-06-29T10:12:16","slug":"prenota","status":"publish","type":"page","link":"https:\/\/www.amalfihills.it\/it\/prenota\/","title":{"rendered":"Prenota"},"content":{"rendered":"\n<p>Verifica la disponibilit\u00e0 in tempo reale e prenota subito alla miglior tariffa disponibile sul sito del nostro partner Hotel Castel Gandolfo<\/p>\n\n<div class=\"wp-block-buttons is-layout-flex wp-block-buttons-is-layout-flex\">\n<div class=\"wp-block-button\"><a class=\"wp-block-button__link\" href=\"https:\/\/booking.ericsoft.com\/BookingEngine\/Book?idh=DFF82267C621B124&amp;lang=it&amp;cur=EUR&amp;conv=AMALFIHILLS\" target=\"_blank\" rel=\"noreferrer noopener\">Vai al sito partner e Prenota ora<\/a><\/div>\n<\/div>\n\n<p>Se non riesci a trovare la disponibilit\u00e0 o se vuoi che ti suggeriamo la sistemazione perfetta per te, compila il modulo Richiedi disponibilit\u00e0 e ti risponderemo al pi\u00f9 presto<\/p>\n\n<div class=\"wp-block-buttons is-layout-flex wp-block-buttons-is-layout-flex\">\n<div class=\"wp-block-button\"><a class=\"wp-block-button__link\" href=\"https:\/\/www.amalfihills.it\/it\/chiedi-disponibilita\/\">Richiedi disponibilit\u00e0<\/a><\/div>\n<\/div>\n","protected":false},"excerpt":{"rendered":"<p>Verifica la disponibilit\u00e0 in tempo reale e prenota subito alla miglior tariffa disponibile sul sito del nostro partner Hotel Castel Gandolfo Se non riesci a trovare la disponibilit\u00e0 o se vuoi che ti suggeriamo la sistemazione perfetta per te, compila il modulo Richiedi disponibilit\u00e0 e ti risponderemo al pi\u00f9 presto<\/p>\n","protected":false},"author":1,"featured_media":0,"parent":0,"menu_order":0,"comment_status":"closed","ping_status":"closed","template":"","meta":{"_uag_custom_page_level_css":"","footnotes":""},"class_list":["post-1284","page","type-page","status-publish","hentry"],"yoast_head":"<!-- This site is optimized with the Yoast SEO plugin v27.5 - https:\/\/yoast.com\/product\/yoast-seo-wordpress\/ -->\n<title>Prenota - Amalfi Hills<\/title>\n<meta name=\"robots\" content=\"index, follow, max-snippet:-1, max-image-preview:large, max-video-preview:-1\" \/>\n<link rel=\"canonical\" href=\"https:\/\/www.amalfihills.it\/it\/prenota\/\" \/>\n<meta property=\"og:locale\" content=\"it_IT\" \/>\n<meta property=\"og:type\" content=\"article\" \/>\n<meta property=\"og:title\" content=\"Prenota - Amalfi Hills\" \/>\n<meta property=\"og:description\" content=\"Verifica la disponibilit\u00e0 in tempo reale e prenota subito alla miglior tariffa disponibile sul sito del nostro partner Hotel Castel Gandolfo Se non riesci a trovare la disponibilit\u00e0 o se vuoi che ti suggeriamo la sistemazione perfetta per te, compila il modulo Richiedi disponibilit\u00e0 e ti risponderemo al pi\u00f9 presto\" \/>\n<meta property=\"og:url\" content=\"https:\/\/www.amalfihills.it\/it\/prenota\/\" \/>\n<meta property=\"og:site_name\" content=\"Amalfi Hills\" \/>\n<meta property=\"article:modified_time\" content=\"2021-06-29T10:12:16+00:00\" \/>\n<meta name=\"twitter:card\" content=\"summary_large_image\" \/>\n<script type=\"application\/ld+json\" class=\"yoast-schema-graph\">{\"@context\":\"https:\\\/\\\/schema.org\",\"@graph\":[{\"@type\":\"WebPage\",\"@id\":\"https:\\\/\\\/www.amalfihills.it\\\/it\\\/prenota\\\/\",\"url\":\"https:\\\/\\\/www.amalfihills.it\\\/it\\\/prenota\\\/\",\"name\":\"Prenota - Amalfi Hills\",\"isPartOf\":{\"@id\":\"https:\\\/\\\/www.amalfihills.it\\\/it\\\/#website\"},\"datePublished\":\"2021-06-29T10:07:50+00:00\",\"dateModified\":\"2021-06-29T10:12:16+00:00\",\"breadcrumb\":{\"@id\":\"https:\\\/\\\/www.amalfihills.it\\\/it\\\/prenota\\\/#breadcrumb\"},\"inLanguage\":\"it-IT\",\"potentialAction\":[{\"@type\":\"ReadAction\",\"target\":[\"https:\\\/\\\/www.amalfihills.it\\\/it\\\/prenota\\\/\"]}]},{\"@type\":\"BreadcrumbList\",\"@id\":\"https:\\\/\\\/www.amalfihills.it\\\/it\\\/prenota\\\/#breadcrumb\",\"itemListElement\":[{\"@type\":\"ListItem\",\"position\":1,\"name\":\"Home\",\"item\":\"https:\\\/\\\/www.amalfihills.it\\\/it\\\/\"},{\"@type\":\"ListItem\",\"position\":2,\"name\":\"Prenota\"}]},{\"@type\":\"WebSite\",\"@id\":\"https:\\\/\\\/www.amalfihills.it\\\/it\\\/#website\",\"url\":\"https:\\\/\\\/www.amalfihills.it\\\/it\\\/\",\"name\":\"Amalfi Hills\",\"description\":\"Experience Amalfi as a local\",\"publisher\":{\"@id\":\"https:\\\/\\\/www.amalfihills.it\\\/it\\\/#organization\"},\"potentialAction\":[{\"@type\":\"SearchAction\",\"target\":{\"@type\":\"EntryPoint\",\"urlTemplate\":\"https:\\\/\\\/www.amalfihills.it\\\/it\\\/?s={search_term_string}\"},\"query-input\":{\"@type\":\"PropertyValueSpecification\",\"valueRequired\":true,\"valueName\":\"search_term_string\"}}],\"inLanguage\":\"it-IT\"},{\"@type\":\"Organization\",\"@id\":\"https:\\\/\\\/www.amalfihills.it\\\/it\\\/#organization\",\"name\":\"Amalfi Hills\",\"url\":\"https:\\\/\\\/www.amalfihills.it\\\/it\\\/\",\"logo\":{\"@type\":\"ImageObject\",\"inLanguage\":\"it-IT\",\"@id\":\"https:\\\/\\\/www.amalfihills.it\\\/it\\\/#\\\/schema\\\/logo\\\/image\\\/\",\"url\":\"https:\\\/\\\/www.amalfihills.it\\\/wp-content\\\/uploads\\\/2020\\\/07\\\/logo-amalfi-hills.png\",\"contentUrl\":\"https:\\\/\\\/www.amalfihills.it\\\/wp-content\\\/uploads\\\/2020\\\/07\\\/logo-amalfi-hills.png\",\"width\":1363,\"height\":555,\"caption\":\"Amalfi Hills\"},\"image\":{\"@id\":\"https:\\\/\\\/www.amalfihills.it\\\/it\\\/#\\\/schema\\\/logo\\\/image\\\/\"}}]}<\/script>\n<!-- \/ Yoast SEO plugin. -->","yoast_head_json":{"title":"Prenota - Amalfi Hills","robots":{"index":"index","follow":"follow","max-snippet":"max-snippet:-1","max-image-preview":"max-image-preview:large","max-video-preview":"max-video-preview:-1"},"canonical":"https:\/\/www.amalfihills.it\/it\/prenota\/","og_locale":"it_IT","og_type":"article","og_title":"Prenota - Amalfi Hills","og_description":"Verifica la disponibilit\u00e0 in tempo reale e prenota subito alla miglior tariffa disponibile sul sito del nostro partner Hotel Castel Gandolfo Se non riesci a trovare la disponibilit\u00e0 o se vuoi che ti suggeriamo la sistemazione perfetta per te, compila il modulo Richiedi disponibilit\u00e0 e ti risponderemo al pi\u00f9 presto","og_url":"https:\/\/www.amalfihills.it\/it\/prenota\/","og_site_name":"Amalfi Hills","article_modified_time":"2021-06-29T10:12:16+00:00","twitter_card":"summary_large_image","schema":{"@context":"https:\/\/schema.org","@graph":[{"@type":"WebPage","@id":"https:\/\/www.amalfihills.it\/it\/prenota\/","url":"https:\/\/www.amalfihills.it\/it\/prenota\/","name":"Prenota - Amalfi Hills","isPartOf":{"@id":"https:\/\/www.amalfihills.it\/it\/#website"},"datePublished":"2021-06-29T10:07:50+00:00","dateModified":"2021-06-29T10:12:16+00:00","breadcrumb":{"@id":"https:\/\/www.amalfihills.it\/it\/prenota\/#breadcrumb"},"inLanguage":"it-IT","potentialAction":[{"@type":"ReadAction","target":["https:\/\/www.amalfihills.it\/it\/prenota\/"]}]},{"@type":"BreadcrumbList","@id":"https:\/\/www.amalfihills.it\/it\/prenota\/#breadcrumb","itemListElement":[{"@type":"ListItem","position":1,"name":"Home","item":"https:\/\/www.amalfihills.it\/it\/"},{"@type":"ListItem","position":2,"name":"Prenota"}]},{"@type":"WebSite","@id":"https:\/\/www.amalfihills.it\/it\/#website","url":"https:\/\/www.amalfihills.it\/it\/","name":"Amalfi Hills","description":"Experience Amalfi as a local","publisher":{"@id":"https:\/\/www.amalfihills.it\/it\/#organization"},"potentialAction":[{"@type":"SearchAction","target":{"@type":"EntryPoint","urlTemplate":"https:\/\/www.amalfihills.it\/it\/?s={search_term_string}"},"query-input":{"@type":"PropertyValueSpecification","valueRequired":true,"valueName":"search_term_string"}}],"inLanguage":"it-IT"},{"@type":"Organization","@id":"https:\/\/www.amalfihills.it\/it\/#organization","name":"Amalfi Hills","url":"https:\/\/www.amalfihills.it\/it\/","logo":{"@type":"ImageObject","inLanguage":"it-IT","@id":"https:\/\/www.amalfihills.it\/it\/#\/schema\/logo\/image\/","url":"https:\/\/www.amalfihills.it\/wp-content\/uploads\/2020\/07\/logo-amalfi-hills.png","contentUrl":"https:\/\/www.amalfihills.it\/wp-content\/uploads\/2020\/07\/logo-amalfi-hills.png","width":1363,"height":555,"caption":"Amalfi Hills"},"image":{"@id":"https:\/\/www.amalfihills.it\/it\/#\/schema\/logo\/image\/"}}]}},"uagb_featured_image_src":{"full":false,"thumbnail":false,"medium":false,"medium_large":false,"large":false,"1536x1536":false,"2048x2048":false,"post-thumbnail":false,"moliere_item":false,"moliere_item_tall":false,"moliere_item_lg":false,"moliere_article_media":false,"moliere_hero":false,"moliere_square_small":false,"maxslider_slide":false},"uagb_author_info":{"display_name":"admin","author_link":"https:\/\/www.amalfihills.it\/it\/author\/itnadmin\/"},"uagb_comment_info":0,"uagb_excerpt":"Verifica la disponibilit\u00e0 in tempo reale e prenota subito alla miglior tariffa disponibile sul sito del nostro partner Hotel Castel Gandolfo Se non riesci a trovare la disponibilit\u00e0 o se vuoi che ti suggeriamo la sistemazione perfetta per te, compila il modulo Richiedi disponibilit\u00e0 e ti risponderemo al pi\u00f9 presto","_links":{"self":[{"href":"https:\/\/www.amalfihills.it\/it\/wp-json\/wp\/v2\/pages\/1284","targetHints":{"allow":["GET"]}}],"collection":[{"href":"https:\/\/www.amalfihills.it\/it\/wp-json\/wp\/v2\/pages"}],"about":[{"href":"https:\/\/www.amalfihills.it\/it\/wp-json\/wp\/v2\/types\/page"}],"author":[{"embeddable":true,"href":"https:\/\/www.amalfihills.it\/it\/wp-json\/wp\/v2\/users\/1"}],"replies":[{"embeddable":true,"href":"https:\/\/www.amalfihills.it\/it\/wp-json\/wp\/v2\/comments?post=1284"}],"version-history":[{"count":3,"href":"https:\/\/www.amalfihills.it\/it\/wp-json\/wp\/v2\/pages\/1284\/revisions"}],"predecessor-version":[{"id":1289,"href":"https:\/\/www.amalfihills.it\/it\/wp-json\/wp\/v2\/pages\/1284\/revisions\/1289"}],"wp:attachment":[{"href":"https:\/\/www.amalfihills.it\/it\/wp-json\/wp\/v2\/media?parent=1284"}],"curies":[{"name":"wp","href":"https:\/\/api.w.org\/{rel}","templated":true}]}}